{"id":419,"date":"2024-06-14T14:25:33","date_gmt":"2024-06-14T12:25:33","guid":{"rendered":"http:\/\/herbanordpol.pl\/wybierz-produkt\/"},"modified":"2025-01-27T12:28:01","modified_gmt":"2025-01-27T11:28:01","slug":"produkte-von-hoechster-qualitaet","status":"publish","type":"page","link":"https:\/\/herbanordpol.pl\/de\/produkte-von-hoechster-qualitaet\/","title":{"rendered":"Produkte von h\u00f6chster Qualit\u00e4t"},"content":{"rendered":"\n    \n    <section class=\"u-clearfix u-section-2\" id=\"carousel_d282\">\n      <div class=\"u-absolute-hcenter-lg u-absolute-hcenter-md u-absolute-hcenter-sm u-absolute-hcenter-xs u-align-left u-expanded u-left-0 u-shading u-uploaded-video u-video u-video-1\">\n        <div class=\"embed-responsive\">\n          <video class=\"embed-responsive-item\" data-autoplay=\"1\" loop=\"\" muted=\"1\" autoplay=\"autoplay\" playsinline=\"\">\n            <source src=\"https:\/\/herbanordpol.pl\/de\/wp-content\/uploads\/2024\/06\/herbanortpol-3.mp4\" type=\"video\/mp4\">\n            <p>Your browser does not support HTML5 video.<\/p>\n          <\/video>\n        <\/div>\n      <\/div>\n      <div class=\"u-container-style u-custom-color-3 u-expanded-width u-group u-opacity u-opacity-70 u-shape-rectangle u-group-1\">\n        <div class=\"u-container-layout u-container-layout-1\">\n          <h2 class=\"u-align-center u-custom-font u-font-playfair-display u-text u-text-default-lg u-text-default-md u-text-default-xl u-text-1\"> Unser Angebot<\/h2>\n          <div class=\"custom-expanded data-layout-selected u-clearfix u-gutter-16 u-layout-wrap u-layout-wrap-1\">\n            <div class=\"u-layout\">\n              <div class=\"u-layout-row\">\n                <div class=\"u-container-style u-layout-cell u-shape-rectangle u-size-20 u-layout-cell-1\">\n                  <div class=\"u-container-layout u-container-layout-2\">\n                    <img decoding=\"async\" class=\"u-expanded-width-lg u-expanded-width-md u-expanded-width-sm u-expanded-width-xl u-image u-image-contain u-image-default u-image-1\" src=\"https:\/\/herbanordpol.pl\/de\/wp-content\/uploads\/2024\/06\/surowce-3.png\" alt=\"\" data-image-width=\"1165\" data-image-height=\"1164\">\n                    <a href=\"https:\/\/herbanordpol.pl\/de\/blog\/category\/pflanzliche-rohstoffe\/\" class=\"u-border-none u-btn u-btn-round u-button-style u-custom-color-7 u-hover-custom-color-2 u-radius u-btn-1\"> Kr\u00e4uterrohstoffe<span class=\"u-file-icon u-icon u-text-white u-icon-1\"><img decoding=\"async\" src=\"https:\/\/herbanordpol.pl\/de\/wp-content\/uploads\/2024\/06\/997efe02-3.png\" alt=\"\"><\/span>\n                    <\/a>\n                  <\/div>\n                <\/div>\n                <div class=\"u-container-style u-layout-cell u-shape-rectangle u-size-20 u-layout-cell-2\">\n                  <div class=\"u-container-layout u-container-layout-3\">\n                    <img decoding=\"async\" class=\"u-expanded-width-lg u-expanded-width-md u-expanded-width-xl u-image u-image-contain u-image-default u-image-2\" src=\"https:\/\/herbanordpol.pl\/de\/wp-content\/uploads\/2024\/06\/oleje1-3.png\" alt=\"\" data-image-width=\"1165\" data-image-height=\"1164\">\n                    <a href=\"https:\/\/herbanordpol.pl\/de\/blog\/category\/verpackte-produkte\/\" class=\"u-align-center-sm u-align-center-xs u-border-none u-btn u-btn-round u-button-style u-custom-color-7 u-hover-custom-color-2 u-radius u-btn-2\"> Kaltgepresste \u00d6le und verpackte Kr\u00e4uter&nbsp;<span class=\"u-file-icon u-icon u-text-white u-icon-2\"><img decoding=\"async\" src=\"https:\/\/herbanordpol.pl\/de\/wp-content\/uploads\/2024\/06\/997efe02-3.png\" alt=\"\"><\/span>\n                    <\/a>\n                  <\/div>\n                <\/div>\n                <div class=\"u-container-style u-layout-cell u-shape-rectangle u-size-20 u-layout-cell-3\">\n                  <div class=\"u-container-layout u-container-layout-4\">\n                    <img decoding=\"async\" class=\"u-expanded-width-lg u-expanded-width-md u-expanded-width-xl u-image u-image-contain u-image-default u-image-3\" src=\"https:\/\/herbanordpol.pl\/de\/wp-content\/uploads\/2024\/08\/dlafirm.png\" alt=\"\" data-image-width=\"1165\" data-image-height=\"1164\">\n                    <a href=\"https:\/\/herbanordpol.pl\/de\/blog\/category\/dienstleistungen-fuer-unternehmen\/\" class=\"u-border-none u-btn u-btn-round u-button-style u-custom-color-7 u-hover-custom-color-2 u-radius u-btn-3\"> Dienstleistungen f\u00fcr Unternehmen<span class=\"u-file-icon u-icon u-text-white u-icon-3\"><img decoding=\"async\" src=\"https:\/\/herbanordpol.pl\/de\/wp-content\/uploads\/2024\/06\/997efe02-3.png\" alt=\"\"><\/span>\n                    <\/a>\n                  <\/div>\n                <\/div>\n              <\/div>\n            <\/div>\n          <\/div>\n        <\/div>\n      <\/div>\n    <\/section>\n    \n    \n    \n  \n","protected":false},"excerpt":{"rendered":"<p>Your browser does not support HTML5 video. Unser Angebot Kr\u00e4uterrohstoffe Kaltgepresste \u00d6le und verpackte Kr\u00e4uter&nbsp; Dienstleistungen f\u00fcr Unternehmen<\/p>\n","protected":false},"author":1,"featured_media":0,"parent":0,"menu_order":2,"comment_status":"closed","ping_status":"closed","template":"","meta":{"footnotes":""},"class_list":["post-419","page","type-page","status-publish","hentry"],"_links":{"self":[{"href":"https:\/\/herbanordpol.pl\/de\/wp-json\/wp\/v2\/pages\/419","targetHints":{"allow":["GET"]}}],"collection":[{"href":"https:\/\/herbanordpol.pl\/de\/wp-json\/wp\/v2\/pages"}],"about":[{"href":"https:\/\/herbanordpol.pl\/de\/wp-json\/wp\/v2\/types\/page"}],"author":[{"embeddable":true,"href":"https:\/\/herbanordpol.pl\/de\/wp-json\/wp\/v2\/users\/1"}],"replies":[{"embeddable":true,"href":"https:\/\/herbanordpol.pl\/de\/wp-json\/wp\/v2\/comments?post=419"}],"version-history":[{"count":5,"href":"https:\/\/herbanordpol.pl\/de\/wp-json\/wp\/v2\/pages\/419\/revisions"}],"predecessor-version":[{"id":3816,"href":"https:\/\/herbanordpol.pl\/de\/wp-json\/wp\/v2\/pages\/419\/revisions\/3816"}],"wp:attachment":[{"href":"https:\/\/herbanordpol.pl\/de\/wp-json\/wp\/v2\/media?parent=419"}],"curies":[{"name":"wp","href":"https:\/\/api.w.org\/{rel}","templated":true}]}}