{"id":420,"date":"2024-06-14T14:25:34","date_gmt":"2024-06-14T12:25:34","guid":{"rendered":"http:\/\/herbanordpol.pl\/jakosc\/"},"modified":"2025-01-27T12:35:29","modified_gmt":"2025-01-27T11:35:29","slug":"qualitaet-als-prioritaet","status":"publish","type":"page","link":"https:\/\/herbanordpol.pl\/de\/qualitaet-als-prioritaet\/","title":{"rendered":"Qualit\u00e4t als Priorit\u00e4t"},"content":{"rendered":"\n    \n    <section class=\"u-clearfix u-image u-shading u-uploaded-video u-section-2\" id=\"carousel_d282\" data-image-width=\"2000\" data-image-height=\"1333\" style=\"background-image: linear-gradient(0deg, rgba(6, 115, 50, 0.85), rgba(6, 115, 50, 0.85)), url(&quot;https:\/\/herbanordpol.pl\/de\/wp-content\/uploads\/2024\/06\/IMG_4604kopia-2.jpg&quot;);\">\n      <div class=\"u-clearfix u-sheet u-sheet-1\">\n        <div class=\"custom-expanded data-layout-selected u-clearfix u-layout-wrap u-layout-wrap-1\">\n          <div class=\"u-layout\">\n            <div class=\"u-layout-row\">\n              <div class=\"u-container-style u-layout-cell u-size-27-xl u-size-28-lg u-size-60-md u-size-60-sm u-size-60-xs u-layout-cell-1\">\n                <div class=\"u-container-layout u-valign-top u-container-layout-1\">\n                  <h1 class=\"u-align-left u-custom-font u-font-playfair-display u-text u-text-body-alt-color u-title u-text-1\"> Die Qualit\u00e4t unserer Produkte und Dienstleistungen hat f\u00fcr uns oberste Priorit\u00e4t.<\/h1>\n                  <p class=\"u-align-justify u-custom-font u-font-ubuntu u-large-text u-text u-text-body-alt-color u-text-variant u-text-2\"> Unsere Qualit\u00e4tsstrategie, die mit gr\u00f6\u00dfter Sorgfalt umgesetzt wird, wurde von zahlreichen nationalen und internationalen Partnern anerkannt und gesch\u00e4tzt. Dadurch genie\u00dft unser Unternehmen auf dem Markt einen hervorragenden Ruf als vertrauensw\u00fcrdiger und verantwortungsvoller Partner.Unsere Produktions- und Kontrollprozesse unterliegen der st\u00e4ndigen \u00dcberwachung durch die Inspektion f\u00fcr Handelsqualit\u00e4t von landwirtschaftlichen und Lebensmittelprodukten (IJHARS) sowie durch das Gesundheitsamt (Sanepid). Dies gew\u00e4hrleistet, dass alle unsere Produkte die h\u00f6chsten Sicherheits- und Qualit\u00e4tsstandards erf\u00fcllen.Regelm\u00e4\u00dfige Laboranalysen sind ein unverzichtbarer Bestandteil unseres Qualit\u00e4tskontrollsystems. Diese Untersuchungen werden sowohl in unserem firmeneigenen Labor als auch in einem externen, zertifizierten Labor \u2013 EUROFINS, das f\u00fcr pr\u00e4zise und zuverl\u00e4ssige Analysen bekannt ist \u2013 durchgef\u00fchrt.<br>\n                  <\/p>\n                <\/div>\n              <\/div>\n              <div class=\"u-container-align-center u-container-style u-image u-image-contain u-layout-cell u-size-32-lg u-size-33-xl u-size-60-md u-size-60-sm u-size-60-xs u-image-1\" data-image-width=\"1125\" data-image-height=\"1020\" style=\"background-image: url(&quot;https:\/\/herbanordpol.pl\/de\/wp-content\/uploads\/2024\/06\/labojakosc-2.png&quot;);\">\n                <div class=\"u-container-layout u-container-layout-2\"><\/div>\n              <\/div>\n            <\/div>\n          <\/div>\n        <\/div>\n      <\/div>\n    <\/section>\n    <section class=\"u-align-left u-clearfix u-white u-section-3\" id=\"carousel_4e80\">\n      <div class=\"u-clearfix u-sheet u-sheet-1\">\n        <h2 class=\"u-custom-font u-font-playfair-display u-text u-text-1\"> Von der Rohware bis zum Endprodukt<\/h2>\n        <div class=\"data-layout-selected u-clearfix u-expanded-width-sm u-expanded-width-xs u-layout-custom-sm u-layout-custom-xs u-layout-wrap u-layout-wrap-1\">\n          <div class=\"u-gutter-0 u-layout\">\n            <div class=\"u-layout-row\">\n              <div class=\"u-container-style u-layout-cell u-shape-rectangle u-size-20-lg u-size-20-xl u-size-30-md u-size-60-sm u-size-60-xs u-layout-cell-1\">\n                <div class=\"u-container-layout u-container-layout-1\">\n                  <img decoding=\"async\" class=\"u-expanded-width u-image u-image-default u-image-1\" src=\"https:\/\/herbanordpol.pl\/de\/wp-content\/uploads\/2024\/06\/IMG_4652kopia1-2.jpg\" alt=\"\" data-image-width=\"2000\" data-image-height=\"1334\">\n                <\/div>\n              <\/div>\n              <div class=\"u-align-left u-container-style u-layout-cell u-size-20-lg u-size-20-xl u-size-30-md u-size-60-sm u-size-60-xs u-layout-cell-2\">\n                <div class=\"u-container-layout u-valign-bottom-xs u-container-layout-2\">\n                  <p class=\"u-custom-font u-font-ubuntu u-text u-text-2\"> N\u200bUnser Management- und Produktionsleitungsteam wurde im internationalen Programm der \"Good Manufacturing Practice\" (GMP) geschult, was gew\u00e4hrleistet, dass alle Mitarbeiter bestens vorbereitet sind, die besten Praktiken in allen Aspekten unserer T\u00e4tigkeit umzusetzen.Das GMP-Programm umfasst eine Reihe von Verfahren und Richtlinien, die sicherstellen, dass Produkte gem\u00e4\u00df festgelegten Qualit\u00e4tsstandards hergestellt und kontrolliert werden. Wir streben nach kontinuierlicher Verbesserung und Innovation in unseren Prozessen, um nicht nur die Erwartungen unserer Kunden zu erf\u00fcllen, sondern zu \u00fcbertreffen.<\/p>\n                <\/div>\n              <\/div>\n              <div class=\"u-container-style u-layout-cell u-size-20-lg u-size-20-xl u-size-60-md u-size-60-sm u-size-60-xs u-layout-cell-3\">\n                <div class=\"u-container-layout u-valign-top u-container-layout-3\">\n                  <p class=\"u-custom-font u-font-ubuntu u-text u-text-3\"> Wir glauben, dass unser Engagement f\u00fcr Qualit\u00e4t die Grundlage f\u00fcr den Aufbau langfristiger Beziehungen zu unseren Kunden und Gesch\u00e4ftspartnern ist \u2013 basierend auf gegenseitigem Vertrauen und Spitzenleistung.<br>\n                  <\/p>\n                <\/div>\n              <\/div>\n            <\/div>\n          <\/div>\n        <\/div>\n      <\/div>\n    <\/section>\n    <section class=\"u-clearfix u-grey-5 u-section-4\" id=\"sec-86b5\">\n      <div class=\"u-clearfix u-sheet u-sheet-1\">\n        <img decoding=\"async\" class=\"u-file-link u-image u-image-default u-image-1\" src=\"https:\/\/herbanordpol.pl\/de\/wp-content\/uploads\/2024\/07\/bio.jpg\" alt=\"\" data-image-width=\"618\" data-image-height=\"641\" data-href=\"https:\/\/herbanordpol.pl\/de\/wp-content\/uploads\/2024\/08\/PL-EKO-07.616-0000813.2024.003.pdf\" title=\"pl-eko-07-616-0000813-2024-003\" data-target=\"_blank\">\n        <img decoding=\"async\" class=\"u-file-link u-image u-image-default u-image-2\" src=\"https:\/\/herbanordpol.pl\/de\/wp-content\/uploads\/2024\/07\/FDA.jpg\" alt=\"\" data-image-width=\"734\" data-image-height=\"948\" data-href=\"https:\/\/herbanordpol.pl\/de\/wp-content\/uploads\/2024\/08\/HERBANORDPOL-GDANSK-SP.ZO_.O.-FDA-Certificate-2024.pdf\" title=\"herbanordpol-gdansk-sp-zo-o-fda-certificate-2024\" data-target=\"_blank\">\n        <p class=\"u-align-center u-text u-text-default u-text-1\">FDA (USA)<br>Register number: 7312693168 <br>\n        <\/p>\n        <p class=\"u-align-center u-text u-text-default u-text-2\">BIO Zertifkat<\/p>\n        <img decoding=\"async\" class=\"u-image u-image-default u-image-3\" src=\"https:\/\/herbanordpol.pl\/de\/wp-content\/uploads\/2024\/07\/eu-organic-logo-600x400_0.png\" alt=\"\" data-image-width=\"600\" data-image-height=\"400\">\n        <p class=\"u-align-center u-text u-text-3\">PL-EKO-07<\/p>\n        <a href=\"https:\/\/webgate.ec.europa.eu\/tracesnt\/directory\/publication\/organic-operator\/index#!?query=HERBANORDPOL&amp;sort=-issuedOn#!%3Fquery=HERBANORDPOL&amp;sort=-issuedOn\" class=\"u-align-center u-border-none u-btn u-button-style u-custom-color-9 u-btn-1\" target=\"_blank\">&nbsp;\u200bPL-EKO-07.616-0000813.2024.003<br>\n          <br>\n        <\/a>\n      <\/div>\n    <\/section>\n    \n    \n    \n  \n","protected":false},"excerpt":{"rendered":"<p>Die Qualit\u00e4t unserer Produkte und Dienstleistungen hat f\u00fcr uns oberste Priorit\u00e4t. Unsere Qualit\u00e4tsstrategie, die mit gr\u00f6\u00dfter Sorgfalt umgesetzt wird, wurde von zahlreichen nationalen und internationalen Partnern anerkannt und gesch\u00e4tzt. Dadurch genie\u00dft unser Unternehmen auf dem Markt einen hervorragenden Ruf als vertrauensw\u00fcrdiger und verantwortungsvoller Partner.Unsere Produktions- und Kontrollprozesse unterliegen der st\u00e4ndigen \u00dcberwachung durch die Inspektion f\u00fcr &hellip; <a href=\"https:\/\/herbanordpol.pl\/de\/qualitaet-als-prioritaet\/\" class=\"more-link\">Continue reading<span class=\"screen-reader-text\"> &#8222;Qualit\u00e4t als Priorit\u00e4t&#8220;<\/span><\/a><\/p>\n","protected":false},"author":1,"featured_media":0,"parent":0,"menu_order":3,"comment_status":"closed","ping_status":"closed","template":"","meta":{"footnotes":""},"class_list":["post-420","page","type-page","status-publish","hentry"],"_links":{"self":[{"href":"https:\/\/herbanordpol.pl\/de\/wp-json\/wp\/v2\/pages\/420","targetHints":{"allow":["GET"]}}],"collection":[{"href":"https:\/\/herbanordpol.pl\/de\/wp-json\/wp\/v2\/pages"}],"about":[{"href":"https:\/\/herbanordpol.pl\/de\/wp-json\/wp\/v2\/types\/page"}],"author":[{"embeddable":true,"href":"https:\/\/herbanordpol.pl\/de\/wp-json\/wp\/v2\/users\/1"}],"replies":[{"embeddable":true,"href":"https:\/\/herbanordpol.pl\/de\/wp-json\/wp\/v2\/comments?post=420"}],"version-history":[{"count":12,"href":"https:\/\/herbanordpol.pl\/de\/wp-json\/wp\/v2\/pages\/420\/revisions"}],"predecessor-version":[{"id":3817,"href":"https:\/\/herbanordpol.pl\/de\/wp-json\/wp\/v2\/pages\/420\/revisions\/3817"}],"wp:attachment":[{"href":"https:\/\/herbanordpol.pl\/de\/wp-json\/wp\/v2\/media?parent=420"}],"curies":[{"name":"wp","href":"https:\/\/api.w.org\/{rel}","templated":true}]}}