{"id":422,"date":"2024-06-14T14:25:36","date_gmt":"2024-06-14T12:25:36","guid":{"rendered":"http:\/\/herbanordpol.pl\/ofirmie-3\/"},"modified":"2025-01-27T12:40:39","modified_gmt":"2025-01-27T11:40:39","slug":"ueber-das-unternehmen","status":"publish","type":"page","link":"https:\/\/herbanordpol.pl\/de\/ueber-das-unternehmen\/","title":{"rendered":"\u00dcber das Unternehmen"},"content":{"rendered":"\n    \n    <section class=\"u-clearfix u-uploaded-video u-video u-section-2\" id=\"carousel_d282\">\n      <div class=\"u-absolute-hcenter u-align-left u-background-video u-expanded u-left-0 u-shading\" style=\"filter: brightness(0.5);\">\n        <div class=\"embed-responsive\">\n          <video class=\"embed-responsive-item\" data-autoplay=\"1\" loop=\"\" muted=\"1\" autoplay=\"autoplay\" playsinline=\"\">\n            <source src=\"https:\/\/herbanordpol.pl\/de\/wp-content\/uploads\/2024\/06\/ofirmie-2.mp4\" type=\"video\/mp4\">\n            <p>Your browser does not support HTML5 video.<\/p>\n          <\/video>\n        <\/div>\n        <div class=\"u-video-shading\"><\/div>\n      <\/div>\n      <div class=\"u-container-style u-custom-color-3 u-expanded-width u-group u-opacity u-opacity-70 u-shape-rectangle u-group-1\">\n        <div class=\"u-container-layout u-container-layout-1\">\n          <div class=\"custom-expanded data-layout-selected u-clearfix u-layout-wrap u-layout-wrap-1\">\n            <div class=\"u-layout\">\n              <div class=\"u-layout-row\">\n                <div class=\"u-align-left u-container-style u-layout-cell u-size-31-xl u-size-33-lg u-size-60-md u-size-60-sm u-size-60-xs u-layout-cell-1\">\n                  <div class=\"u-container-layout u-valign-top u-container-layout-2\">\n                    <h1 class=\"u-custom-font u-font-playfair-display u-text u-text-body-alt-color u-title u-text-1\"> Wir sind ein Lieferant von Kr\u00e4uterrohstoffen aus \u00fcber 20 L\u00e4ndern weltweit.<\/h1>\n                    <p class=\"u-custom-font u-font-ubuntu u-large-text u-text u-text-body-alt-color u-text-variant u-text-2\"> Die Firma HerbaNordPol \u2013 Gda\u0144sk Sp. z o.o. ist seit 2004 t\u00e4tig. Wir sind spezialisiert auf die Beschaffung und Verarbeitung von Kr\u00e4uterrohstoffen aus kontrolliertem Feldanbau und Wildsammlung. Wir stellen Kr\u00e4utermischungen sowie kaltgepresste \u00d6le her. Im Jahr 2016 haben wir die Zertifizierung f\u00fcr den Import, die Verarbeitung, die Lohnverpackung und die Herstellung von Bio-Produkten \u2013 BIO \u2013 erhalten.<br>\n                    <\/p>\n                  <\/div>\n                <\/div>\n                <div class=\"u-container-align-center u-container-style u-image u-image-contain u-layout-cell u-size-27-lg u-size-29-xl u-size-60-md u-size-60-sm u-size-60-xs u-image-1\" data-image-width=\"1100\" data-image-height=\"853\" style=\"background-image: url(&quot;https:\/\/herbanordpol.pl\/de\/wp-content\/uploads\/2024\/06\/dostawczy1-3.png&quot;);\">\n                  <div class=\"u-container-layout u-container-layout-3\"><\/div>\n                <\/div>\n              <\/div>\n            <\/div>\n          <\/div>\n        <\/div>\n      <\/div>\n    <\/section>\n    <section class=\"u-align-left u-clearfix u-white u-section-3\" id=\"carousel_4e80\">\n      <div class=\"u-clearfix u-sheet u-sheet-1\">\n        <h2 class=\"u-custom-font u-font-playfair-display u-text u-text-1\"> Werden Sie Teil unserer zufriedenen Kunden bei HerbaNordPol-Gda\u0144sk Sp. z o.o. <\/h2>\n        <div class=\"data-layout-selected u-clearfix u-expanded-width-sm u-expanded-width-xs u-layout-custom-sm u-layout-custom-xs u-layout-wrap u-layout-wrap-1\">\n          <div class=\"u-gutter-0 u-layout\">\n            <div class=\"u-layout-row\">\n              <div class=\"u-container-style u-layout-cell u-shape-rectangle u-size-20-lg u-size-20-xl u-size-30-md u-size-30-sm u-size-60-xs u-layout-cell-1\">\n                <div class=\"u-container-layout u-valign-bottom-md u-valign-bottom-sm u-valign-top-lg u-valign-top-xl u-container-layout-1\">\n                  <img decoding=\"async\" class=\"u-expanded-width-xs u-image u-image-contain u-image-default u-image-1\" src=\"https:\/\/herbanordpol.pl\/de\/wp-content\/uploads\/2024\/06\/olowek-3.jpeg\" alt=\"\" data-image-width=\"2919\" data-image-height=\"4089\">\n                <\/div>\n              <\/div>\n              <div class=\"u-align-left u-container-style u-layout-cell u-size-20-lg u-size-20-xl u-size-30-md u-size-30-sm u-size-60-xs u-layout-cell-2\">\n                <div class=\"u-container-layout u-valign-middle u-container-layout-2\">\n                  <p class=\"u-custom-font u-font-ubuntu u-text u-text-2\"> Wir verf\u00fcgen \u00fcber einen umfangreichen Maschinenpark, darunter:<br>Hosokawa Alpine Impact Mill UP500,<br>Allgaier TSM 2000 Siebmaschinen,<br>Hamech-Gastrockner,<br>Farmet-Kaltpressen f\u00fcr \u00d6le.<br>Zus\u00e4tzlich haben wir Lagerkapazit\u00e4ten, ein eigenes Labor und vor allem langj\u00e4hrige Erfahrung. Dies erm\u00f6glicht es uns, Dienstleistungen in folgenden Bereichen anzubieten:Trocknung von Kr\u00e4uterrohstoffen,<br>Sortierung und Reinigung von Kr\u00e4uterrohstoffen,<br>Schneiden und Vermahlen von Kr\u00e4uterrohstoffen,<br>Ozonierung von Kr\u00e4uterrohstoffen, Halbfertigprodukten und Kr\u00e4uterprodukten.\n                  <\/p>\n                <\/div>\n              <\/div>\n              <div class=\"u-container-style u-layout-cell u-size-20-lg u-size-20-xl u-size-60-md u-size-60-sm u-size-60-xs u-layout-cell-3\">\n                <div class=\"u-container-layout u-container-layout-3\">\n                  <p class=\"u-custom-font u-font-ubuntu u-text u-text-3\"> Auf der Basis von heimischen und importierten Rohstoffen, sowohl in konventioneller als auch in biologischer Qualit\u00e4t, produzieren wir:<br>Kr\u00e4utermischungen,<br>Kr\u00e4utertees,<br>Kr\u00e4uterpulver,<br>kaltgepresste \u00d6le.<br>Unser Angebot richtet sich an die Pharma-, Lebensmittel-, Futtermittel- und Kosmetikindustrie sowie an Kr\u00e4uterfachgesch\u00e4fte.<br>Einzelkunden laden wir herzlich ein, unsere Produkte in Partner-Onlineshops wie ziolaioleje.pl oder plantavera.de zu entdecken<br>\n                  <\/p>\n                <\/div>\n              <\/div>\n            <\/div>\n          <\/div>\n        <\/div>\n      <\/div>\n    <\/section>\n    <section class=\"parallax u-clearfix u-color-scheme-u11 u-color-style-multicolor-1 u-image u-section-4\" id=\"carousel_7c2b\" data-image-width=\"3840\" data-image-height=\"2751\" style=\"background-image: url(&quot;https:\/\/herbanordpol.pl\/de\/wp-content\/uploads\/2024\/06\/plaski-sklad-lisci-herbaty31-3.jpg&quot;);\">\n      <div class=\"u-clearfix u-sheet u-valign-middle-lg u-sheet-1\">\n        <div class=\"data-layout-selected u-clearfix u-expanded-width u-gutter-20 u-layout-custom-sm u-layout-custom-xs u-layout-wrap u-layout-wrap-1\">\n          <div class=\"u-layout\">\n            <div class=\"u-layout-row\">\n              <div class=\"u-size-20\">\n                <div class=\"u-layout-col\">\n                  <div class=\"u-container-style u-image u-layout-cell u-left-cell u-shading u-size-30 u-image-1\" data-image-width=\"3165\" data-image-height=\"1854\" style=\"background-image: linear-gradient(0deg, rgba(0, 0, 0, 0.2), rgba(0, 0, 0, 0.2)), url(&quot;https:\/\/herbanordpol.pl\/de\/wp-content\/uploads\/2024\/06\/IMG_3848-3.jpg&quot;);\">\n                    <div class=\"u-container-layout u-container-layout-1\"><\/div>\n                  <\/div>\n                  <div class=\"u-container-style u-image u-layout-cell u-left-cell u-size-30 u-image-2\" data-image-width=\"2563\" data-image-height=\"1930\" style=\"background-image: url(&quot;https:\/\/herbanordpol.pl\/de\/wp-content\/uploads\/2024\/06\/IMG_5734-3.jpg&quot;);\">\n                    <div class=\"u-container-layout\"><\/div>\n                  <\/div>\n                <\/div>\n              <\/div>\n              <div class=\"u-size-20\">\n                <div class=\"u-layout-col\">\n                  <div class=\"u-container-style u-image u-layout-cell u-size-20 u-image-3\" data-image-width=\"3234\" data-image-height=\"2319\" style=\"background-image: url(&quot;https:\/\/herbanordpol.pl\/de\/wp-content\/uploads\/2024\/06\/IMG_4587-3.jpg&quot;);\">\n                    <div class=\"u-container-layout\"><\/div>\n                  <\/div>\n                  <div class=\"u-container-style u-image u-layout-cell u-size-20 u-image-4\" data-image-width=\"2000\" data-image-height=\"1333\" style=\"background-image: url(&quot;https:\/\/herbanordpol.pl\/de\/wp-content\/uploads\/2024\/06\/IMG_4652kopia-3.jpg&quot;);\">\n                    <div class=\"u-container-layout\"><\/div>\n                  <\/div>\n                  <div class=\"u-container-style u-image u-layout-cell u-size-20 u-image-5\" data-image-width=\"2000\" data-image-height=\"1511\" style=\"background-image: url(&quot;https:\/\/herbanordpol.pl\/de\/wp-content\/uploads\/2024\/06\/olejzwiesiolka1kopia-2.jpg&quot;);\">\n                    <div class=\"u-container-layout\"><\/div>\n                  <\/div>\n                <\/div>\n              <\/div>\n              <div class=\"u-size-20\">\n                <div class=\"u-layout-col\">\n                  <div class=\"u-container-style u-image u-layout-cell u-right-cell u-size-30 u-image-6\" data-image-width=\"1500\" data-image-height=\"2000\" style=\"background-image: url(&quot;https:\/\/herbanordpol.pl\/de\/wp-content\/uploads\/2024\/06\/IMG_1786-3.jpg&quot;);\">\n                    <div class=\"u-container-layout\"><\/div>\n                  <\/div>\n                  <div class=\"u-container-style u-image u-layout-cell u-right-cell u-shading u-size-30 u-image-7\" data-image-width=\"3024\" data-image-height=\"2725\" style=\"background-image: linear-gradient(0deg, rgba(0, 0, 0, 0.2), rgba(0, 0, 0, 0.2)), url(&quot;https:\/\/herbanordpol.pl\/de\/wp-content\/uploads\/2024\/06\/IMG_5063-2.jpg&quot;);\">\n                    <div class=\"u-container-layout\"><\/div>\n                  <\/div>\n                <\/div>\n              <\/div>\n            <\/div>\n          <\/div>\n        <\/div>\n      <\/div>\n    <\/section>\n    <section class=\"u-clearfix u-uploaded-video u-valign-middle u-video u-section-5\" id=\"sec-f05b\">\n      <div class=\"u-absolute-hcenter u-align-left u-background-video u-expanded u-left-0 u-shading\" style=\"filter: brightness(0.5);\">\n        <div class=\"embed-responsive\">\n          <video class=\"embed-responsive-item\" data-autoplay=\"1\" loop=\"\" muted=\"1\" autoplay=\"autoplay\" playsinline=\"\">\n            <source src=\"https:\/\/herbanordpol.pl\/de\/wp-content\/uploads\/2024\/06\/3090103-hd_1920_1080_30fps-3.mp4\" type=\"video\/mp4\">\n            <p>Your browser does not support HTML5 video.<\/p>\n          <\/video>\n        <\/div>\n        <div class=\"u-video-shading\"><\/div>\n      <\/div>\n      <div class=\"u-container-style u-custom-color-3 u-expanded-width u-group u-opacity u-opacity-70 u-shape-rectangle u-group-1\">\n        <div class=\"u-container-layout u-container-layout-1\">\n          <div class=\"custom-expanded data-layout-selected u-clearfix u-layout-wrap u-layout-wrap-1\">\n            <div class=\"u-layout\">\n              <div class=\"u-layout-col\">\n                <div class=\"u-size-30\">\n                  <div class=\"u-layout-col\">\n                    <div class=\"u-container-style u-layout-cell u-size-60 u-layout-cell-1\">\n                      <div class=\"u-container-layout u-valign-top-lg u-container-layout-2\">\n                        <h4 class=\"u-align-left u-custom-font u-font-ubuntu u-text u-text-1\"> Vertragsproduktion<\/h4>\n                        <h2 class=\"u-custom-font u-font-playfair-display u-text u-text-2\"> Die Firma HerbaNordPol-Gda\u0144sk Sp. z o.o. besch\u00e4ftigt sich mit dem Ankauf von Kr\u00e4uterrohstoffen aus Wildsammlungen sowie aus Feldanbau.<\/h2>\n                      <\/div>\n                    <\/div>\n                  <\/div>\n                <\/div>\n                <div class=\"u-size-30\">\n                  <div class=\"u-layout-row\">\n                    <div class=\"u-container-style u-layout-cell u-size-30 u-layout-cell-2\">\n                      <div class=\"u-container-layout u-valign-top u-container-layout-3\">\n                        <p class=\"u-custom-font u-font-ubuntu u-text u-text-3\"> Indem Sie mit uns zusammenarbeiten, k\u00f6nnen Sie auf eine zuverl\u00e4ssige Vertragserf\u00fcllung, fachliche Unterst\u00fctzung und klare Vertragsbedingungen z\u00e4hlen. Aufgrund der Notwendigkeit, den Produktionsprozess zu \u00fcberwachen, bitten wir Landwirte und Anbauer aus Nord- und Zentralpolen, mit uns Kontakt aufzunehmen.<br>\n                        <\/p>\n                      <\/div>\n                    <\/div>\n                    <div class=\"u-container-style u-layout-cell u-size-30 u-layout-cell-3\">\n                      <div class=\"u-border-2 u-border-no-bottom u-border-no-right u-border-no-top u-border-white u-container-layout u-container-layout-4\">\n                        <p class=\"u-custom-font u-font-ubuntu u-text u-text-4\"> Derzeit sind wir an Vertragsproduktionen sowohl im konventionellen als auch im \u00f6kologischen System interessiert f\u00fcr:<br>Mariendistel,<br>K\u00fcmmel,<br>Flohsamen,<br>Brennnesselbl\u00e4tter,<br>L\u00f6wenzahnwurzel.<br>Aus Wildsammlungen kaufen wir vor allem:Sommerlinde,<br>Bl\u00fcten und Fr\u00fcchte des Schwarzen Holunders,<br>Kalmuswurzelstock.<br>\n                        <\/p>\n                      <\/div>\n                    <\/div>\n                  <\/div>\n                <\/div>\n              <\/div>\n            <\/div>\n          <\/div>\n        <\/div>\n      <\/div>\n    <\/section>\n    \n    \n    \n  \n","protected":false},"excerpt":{"rendered":"<p>Your browser does not support HTML5 video. Wir sind ein Lieferant von Kr\u00e4uterrohstoffen aus \u00fcber 20 L\u00e4ndern weltweit. Die Firma HerbaNordPol \u2013 Gda\u0144sk Sp. z o.o. ist seit 2004 t\u00e4tig. Wir sind spezialisiert auf die Beschaffung und Verarbeitung von Kr\u00e4uterrohstoffen aus kontrolliertem Feldanbau und Wildsammlung. Wir stellen Kr\u00e4utermischungen sowie kaltgepresste \u00d6le her. Im Jahr 2016 &hellip; <a href=\"https:\/\/herbanordpol.pl\/de\/ueber-das-unternehmen\/\" class=\"more-link\">Continue reading<span class=\"screen-reader-text\"> &#8222;\u00dcber das Unternehmen&#8220;<\/span><\/a><\/p>\n","protected":false},"author":1,"featured_media":0,"parent":0,"menu_order":5,"comment_status":"closed","ping_status":"closed","template":"","meta":{"footnotes":""},"class_list":["post-422","page","type-page","status-publish","hentry"],"_links":{"self":[{"href":"https:\/\/herbanordpol.pl\/de\/wp-json\/wp\/v2\/pages\/422","targetHints":{"allow":["GET"]}}],"collection":[{"href":"https:\/\/herbanordpol.pl\/de\/wp-json\/wp\/v2\/pages"}],"about":[{"href":"https:\/\/herbanordpol.pl\/de\/wp-json\/wp\/v2\/types\/page"}],"author":[{"embeddable":true,"href":"https:\/\/herbanordpol.pl\/de\/wp-json\/wp\/v2\/users\/1"}],"replies":[{"embeddable":true,"href":"https:\/\/herbanordpol.pl\/de\/wp-json\/wp\/v2\/comments?post=422"}],"version-history":[{"count":10,"href":"https:\/\/herbanordpol.pl\/de\/wp-json\/wp\/v2\/pages\/422\/revisions"}],"predecessor-version":[{"id":3819,"href":"https:\/\/herbanordpol.pl\/de\/wp-json\/wp\/v2\/pages\/422\/revisions\/3819"}],"wp:attachment":[{"href":"https:\/\/herbanordpol.pl\/de\/wp-json\/wp\/v2\/media?parent=422"}],"curies":[{"name":"wp","href":"https:\/\/api.w.org\/{rel}","templated":true}]}}