{"id":421,"date":"2024-06-14T14:25:35","date_gmt":"2024-06-14T12:25:35","guid":{"rendered":"https:\/\/herbanordpol.pl\/home\/"},"modified":"2024-09-22T19:01:22","modified_gmt":"2024-09-22T17:01:22","slug":"home","status":"publish","type":"page","link":"https:\/\/herbanordpol.pl\/en\/","title":{"rendered":"HerbaNordPol"},"content":{"rendered":"\n    \n    <section class=\"u-clearfix u-section-2\" id=\"carousel_d282\">\n      <div class=\"u-absolute-hcenter-lg u-absolute-hcenter-md u-absolute-hcenter-sm u-absolute-hcenter-xs u-align-left u-expanded u-left-0 u-shading u-uploaded-video u-video u-video-1\">\n        <div class=\"embed-responsive\">\n          <video class=\"embed-responsive-item\" data-autoplay=\"1\" loop=\"\" muted=\"1\" autoplay=\"autoplay\" playsinline=\"\">\n            <source src=\"https:\/\/herbanordpol.pl\/en\/wp-content\/uploads\/2024\/06\/herbanortpol-3.mp4\" type=\"video\/mp4\">\n            <p>Your browser does not support HTML5 video.<\/p>\n          <\/video>\n        <\/div>\n      <\/div>\n      <div class=\"u-container-style u-custom-color-3 u-expanded-width u-group u-opacity u-opacity-70 u-shape-rectangle u-group-1\">\n        <div class=\"u-container-layout u-container-layout-1\">\n          <div class=\"custom-expanded data-layout-selected u-clearfix u-layout-wrap u-layout-wrap-1\">\n            <div class=\"u-layout\">\n              <div class=\"u-layout-row\">\n                <div class=\"u-container-style u-layout-cell u-size-28-lg u-size-28-xl u-size-60-md u-size-60-sm u-size-60-xs u-layout-cell-1\">\n                  <div class=\"u-container-layout u-valign-top u-container-layout-2\">\n                    <h1 class=\"u-align-left u-custom-font u-font-playfair-display u-text u-text-body-alt-color u-title u-text-1\">\n                      <span style=\"font-weight: 500;\">HerbaNordPol<\/span>&nbsp;\n                    <\/h1>\n                    <p class=\"u-align-justify u-custom-font u-font-ubuntu u-large-text u-text u-text-body-alt-color u-text-variant u-text-2\"> HerbaNordPol, a family-owned company with a long-standing tradition, offers a wide range of herbal raw materials, herbal teas, and oils. Our assortment includes over 80 products sourced from more than 20 countries. With our extensive experience in herbal processing, modern machinery, and direct partnerships, we continuously adapt to market trends and the individual needs of our customers. <\/p>\n                  <\/div>\n                <\/div>\n                <div class=\"u-container-align-center u-container-style u-image u-image-contain u-layout-cell u-size-32-lg u-size-32-xl u-size-60-md u-size-60-sm u-size-60-xs u-image-1\" data-image-width=\"2029\" data-image-height=\"1587\" style=\"background-image: url(&quot;https:\/\/herbanordpol.pl\/en\/wp-content\/uploads\/2024\/06\/maszyny-3.png&quot;);\">\n                  <div class=\"u-container-layout u-container-layout-3\"><\/div>\n                <\/div>\n              <\/div>\n            <\/div>\n          <\/div>\n        <\/div>\n      <\/div>\n    <\/section>\n    <section class=\"u-align-center u-clearfix u-white u-section-3\" id=\"sec-885a\">\n      <div class=\"u-clearfix u-sheet u-sheet-1\">\n        <h2 class=\"u-align-left u-custom-font u-font-playfair-display u-text u-text-default u-text-1\">our offer: <\/h2>\n        <p class=\"u-align-left u-custom-font u-font-ubuntu u-text u-text-2\"> We cater to the food, feed, pharmaceutical, and cosmetic industries. We have a well-equipped machinery park, drying facilities, our own laboratory, and, most importantly, extensive experience. Using both domestic and imported raw materials in conventional and organic varieties, we produce herbal blends, herbal teas, herbal powders, and cold-pressed oils.<\/p>\n        <div class=\"u-expanded-width u-gallery u-layout-grid u-lightbox u-show-text-on-hover u-gallery-1\">\n          <div class=\"u-gallery-inner u-gallery-inner-1\">\n            <div class=\"u-effect-fade u-effect-hover-zoom u-gallery-item\">\n              <div class=\"u-back-slide\" data-image-width=\"1817\" data-image-height=\"1562\">\n                <img decoding=\"async\" class=\"u-back-image u-expanded\" src=\"https:\/\/herbanordpol.pl\/en\/wp-content\/uploads\/2024\/06\/hibiskus-web-3.jpg\" alt=\"\u200b\u200bZio\u0142a paczkowane\">\n              <\/div>\n              <div class=\"u-over-slide u-shading u-over-slide-1\">\n                <h3 class=\"u-custom-font u-font-playfair-display u-gallery-heading\" style=\"background-image: none; line-height: 1.6;\"> Zio\u0142a paczkowane<\/h3>\n                <p class=\"u-custom-font u-font-ubuntu u-gallery-text\" style=\"font-size: 0.9375rem;\">\n                  <br>\n                  <br>Nasz asortyment obejmuje szeroki&nbsp;\u200bwyb\u00f3r najwy\u017cszej jako\u015bci zi\u00f3\u0142 paczkowanych.&nbsp; Mieszanki zio\u0142owe  organiczne i konwencjonalne. Herbatki zio\u0142owe, proszki, oleje zimnot\u0142oczone. Tak\u017ce dla marek w\u0142asnych.<br>\n                <\/p>\n              <\/div>\n            <\/div>\n            <div class=\"u-effect-fade u-effect-hover-zoom u-gallery-item\">\n              <div class=\"u-back-slide\" data-image-width=\"1439\" data-image-height=\"1192\">\n                <img decoding=\"async\" class=\"u-back-image u-expanded u-back-image-2\" src=\"https:\/\/herbanordpol.pl\/en\/wp-content\/uploads\/2024\/06\/olejzwiesiolka1kopia2-3.jpg\" alt=\"\u200bSurowce zielarskie\u200b\">\n              <\/div>\n              <div class=\"u-over-slide u-shading u-over-slide-2\">\n                <h3 class=\"u-custom-font u-font-playfair-display u-gallery-heading\" style=\"background-image: none; line-height: 1.6;\"> Surowce zielarskie <\/h3>\n                <p class=\"u-custom-font u-font-ubuntu u-gallery-text\" style=\"font-size: 0.9375rem;\">\n                  <br>\n                  <br> Zapraszamy do skorzystania z naszej oferty&nbsp;hurtowej sprzeda\u017cy surowc\u00f3w zielarskich.<br>\n                <\/p>\n              <\/div>\n            <\/div>\n            <div class=\"u-effect-fade u-effect-hover-zoom u-gallery-item\">\n              <div class=\"u-back-slide\" data-image-width=\"1716\" data-image-height=\"1818\">\n                <img decoding=\"async\" class=\"u-back-image u-expanded u-back-image-3\" src=\"https:\/\/herbanordpol.pl\/en\/wp-content\/uploads\/2024\/06\/olejzczarnuszki-web-3.jpg\" alt=\"\u200bOleje Zimnot\u0142oczone\">\n              <\/div>\n              <div class=\"u-over-slide u-shading u-over-slide-3\">\n                <h3 class=\"u-custom-font u-font-playfair-display u-gallery-heading\" style=\"background-image: none; line-height: 1.6;\"> Oleje Zimnot\u0142oczone<\/h3>\n                <p class=\"u-custom-font u-font-ubuntu u-gallery-text\" style=\"font-size: 0.9375rem;\">\n                  <br>\n                  <br>Odkryj nasze&nbsp;oleje zimnot\u0142oczone&nbsp;- zdrowy wyb\u00f3r dla ka\u017cdego! W naszej ofercie znajd\u0105 Pa\u0144stwo&nbsp;olej lniany, olej ostropestowy BIO, olej z czarnuszki&nbsp;oraz&nbsp;olej z wiesio\u0142ka i pestek moreli gorzkiej.<br>\n                <\/p>\n              <\/div>\n            <\/div>\n          <\/div>\n        <\/div>\n      <\/div>\n    <\/section>\n    <section class=\"parallax u-clearfix u-color-scheme-u11 u-color-style-multicolor-1 u-white u-section-4\" id=\"sec-39ba\" data-animation-name=\"\" data-animation-duration=\"0\" data-animation-delay=\"0\" data-animation-direction=\"\">\n      <div class=\"u-clearfix u-sheet u-valign-middle-lg u-valign-middle-md u-valign-middle-sm u-valign-middle-xs u-sheet-1\">\n        <div class=\"data-layout-selected u-clearfix u-expanded-width u-gutter-20 u-layout-custom-sm u-layout-custom-xs u-layout-wrap u-layout-wrap-1\">\n          <div class=\"u-layout\">\n            <div class=\"u-layout-row\">\n              <div class=\"u-size-20-lg u-size-20-md u-size-20-sm u-size-20-xl u-size-30-xs\">\n                <div class=\"u-layout-col\">\n                  <div class=\"u-container-style u-image u-layout-cell u-left-cell u-shading u-size-30 u-image-1\" data-image-width=\"3165\" data-image-height=\"1854\" style=\"background-image: linear-gradient(0deg, rgba(0, 0, 0, 0.2), rgba(0, 0, 0, 0.2)), url(&quot;https:\/\/herbanordpol.pl\/en\/wp-content\/uploads\/2024\/06\/IMG_3848-3.jpg&quot;);\">\n                    <div class=\"u-container-layout u-container-layout-1\"><\/div>\n                  <\/div>\n                  <div class=\"u-container-style u-image u-layout-cell u-left-cell u-size-30 u-image-2\" data-image-width=\"2563\" data-image-height=\"1930\" style=\"background-image: url(&quot;https:\/\/herbanordpol.pl\/en\/wp-content\/uploads\/2024\/06\/IMG_5734-3.jpg&quot;);\">\n                    <div class=\"u-container-layout u-container-layout-2\"><\/div>\n                  <\/div>\n                <\/div>\n              <\/div>\n              <div class=\"u-size-20-lg u-size-20-md u-size-20-sm u-size-20-xl u-size-30-xs\">\n                <div class=\"u-layout-col\">\n                  <div class=\"u-container-style u-image u-layout-cell u-size-20 u-image-3\" data-image-width=\"880\" data-image-height=\"587\" style=\"background-image: url(&quot;https:\/\/herbanordpol.pl\/en\/wp-content\/uploads\/2024\/06\/olejmorelowy2-3.jpg&quot;);\">\n                    <div class=\"u-container-layout u-valign-top-sm u-valign-top-xs u-container-layout-3\"><\/div>\n                  <\/div>\n                  <div class=\"u-container-style u-image u-layout-cell u-size-20 u-image-4\" data-image-width=\"880\" data-image-height=\"565\" style=\"background-image: url(&quot;https:\/\/herbanordpol.pl\/en\/wp-content\/uploads\/2024\/06\/Calendula3-3.jpg&quot;);\">\n                    <div class=\"u-container-layout u-container-layout-4\"><\/div>\n                  <\/div>\n                  <div class=\"u-container-style u-image u-layout-cell u-size-20 u-image-5\" data-image-width=\"754\" data-image-height=\"880\" style=\"background-image: url(&quot;https:\/\/herbanordpol.pl\/en\/wp-content\/uploads\/2024\/06\/Cistus2-3.jpg&quot;);\">\n                    <div class=\"u-container-layout u-container-layout-5\"><\/div>\n                  <\/div>\n                <\/div>\n              <\/div>\n              <div class=\"u-size-20-lg u-size-20-md u-size-20-sm u-size-20-xl u-size-60-xs\">\n                <div class=\"u-layout-col\">\n                  <div class=\"u-container-style u-image u-layout-cell u-right-cell u-size-30 u-image-6\" data-image-width=\"1500\" data-image-height=\"2000\" style=\"background-image: url(&quot;https:\/\/herbanordpol.pl\/en\/wp-content\/uploads\/2024\/06\/IMG_1786-3.jpg&quot;);\">\n                    <div class=\"u-container-layout u-container-layout-6\"><\/div>\n                  <\/div>\n                  <div class=\"u-container-style u-image u-layout-cell u-right-cell u-shading u-size-30 u-image-7\" data-image-width=\"4032\" data-image-height=\"3024\" style=\"background-image: linear-gradient(0deg, rgba(0, 0, 0, 0.2), rgba(0, 0, 0, 0.2)), url(&quot;https:\/\/herbanordpol.pl\/en\/wp-content\/uploads\/2024\/06\/IMG_1444-3.jpg&quot;);\">\n                    <div class=\"u-container-layout u-container-layout-7\"><\/div>\n                  <\/div>\n                <\/div>\n              <\/div>\n            <\/div>\n          <\/div>\n        <\/div>\n      <\/div>\n    <\/section>\n    <section class=\"u-clearfix u-uploaded-video u-video u-section-5\" id=\"carousel_5ca4\">\n      <div class=\"u-absolute-hcenter u-align-left u-background-video u-expanded u-left-0 u-shading\" style=\"filter: brightness(0.5);\">\n        <div class=\"embed-responsive\">\n          <video class=\"embed-responsive-item\" data-autoplay=\"1\" loop=\"\" muted=\"1\" autoplay=\"autoplay\" playsinline=\"\">\n            <source src=\"https:\/\/herbanordpol.pl\/en\/wp-content\/uploads\/2024\/06\/3090103-hd_1920_1080_30fps-3.mp4\" type=\"video\/mp4\">\n            <p>Your browser does not support HTML5 video.<\/p>\n          <\/video>\n        <\/div>\n        <div class=\"u-video-shading\"><\/div>\n      <\/div>\n      <div class=\"u-container-style u-custom-color-3 u-expanded-width u-group u-opacity u-opacity-70 u-shape-rectangle u-group-1\">\n        <div class=\"u-container-layout u-valign-middle-lg u-valign-middle-md u-valign-middle-xl u-container-layout-1\">\n          <div class=\"custom-expanded data-layout-selected u-clearfix u-layout-wrap u-layout-wrap-1\">\n            <div class=\"u-layout\">\n              <div class=\"u-layout-col\">\n                <div class=\"u-size-30\">\n                  <div class=\"u-layout-col\">\n                    <div class=\"u-container-style u-layout-cell u-size-60 u-layout-cell-1\">\n                      <div class=\"u-container-layout u-valign-top-lg u-container-layout-2\">\n                        <h2 class=\"u-custom-font u-font-playfair-display u-text u-text-1\"> HerbaNordPol-Gda\u0144sk Sp. z o.o. specializes in the procurement of herbal raw materials from wild harvesting and field cultivation.<\/h2>\n                      <\/div>\n                    <\/div>\n                  <\/div>\n                <\/div>\n                <div class=\"u-size-30\">\n                  <div class=\"u-layout-row\">\n                    <div class=\"u-container-style u-layout-cell u-size-30 u-layout-cell-2\">\n                      <div class=\"u-container-layout u-valign-bottom-lg u-valign-bottom-md u-valign-bottom-sm u-valign-bottom-xl u-container-layout-3\">\n                        <p class=\"u-custom-font u-font-ubuntu u-text u-text-2\"> By partnering with us, you can expect reliable contract fulfillment, expert support, and transparent terms of contract farming. Due to the need for close supervision of the production process, we kindly request farmers and growers from northern and central Poland to contact us.<br>\n                        <\/p>\n                        <a href=\"https:\/\/herbanordpol.pl\/en\/ofirmie-3\/\" class=\"u-active-grey-25 u-align-left u-border-1 u-border-white u-btn u-button-style u-custom-font u-font-ubuntu u-hover-white u-none u-text-active-palette-3-dark-3 u-text-hover-black u-text-white u-btn-1\" data-animation-name=\"\" data-animation-duration=\"0\" data-animation-delay=\"0\" data-animation-direction=\"\">READ MORE <\/a>\n                      <\/div>\n                    <\/div>\n                    <div class=\"u-container-style u-layout-cell u-size-30 u-layout-cell-3\">\n                      <div class=\"u-border-2 u-border-no-bottom u-border-no-right u-border-no-top u-border-white u-container-layout u-valign-bottom-lg u-valign-bottom-xl u-valign-top-sm u-valign-top-xs u-container-layout-4\">\n                        <h1 class=\"u-align-center u-custom-font u-font-ubuntu u-text u-title u-text-3\" data-animation-name=\"counter\" data-animation-event=\"scroll\" data-animation-duration=\"3000\">20<\/h1>\n                        <p class=\"u-align-center u-custom-font u-font-ubuntu u-text u-text-4\">Years of Experience<\/p>\n                      <\/div>\n                    <\/div>\n                  <\/div>\n                <\/div>\n              <\/div>\n            <\/div>\n          <\/div>\n        <\/div>\n      <\/div>\n    <\/section>\n    \n    \n    \n  \n","protected":false},"excerpt":{"rendered":"<p>Your browser does not support HTML5 video. HerbaNordPol&nbsp; HerbaNordPol, a family-owned company with a long-standing tradition, offers a wide range of herbal raw materials, herbal teas, and oils. Our assortment includes over 80 products sourced from more than 20 countries. With our extensive experience in herbal processing, modern machinery, and direct partnerships, we continuously adapt &hellip; <a href=\"https:\/\/herbanordpol.pl\/en\/\" class=\"more-link\">Continue reading<span class=\"screen-reader-text\"> &#8220;HerbaNordPol&#8221;<\/span><\/a><\/p>\n","protected":false},"author":1,"featured_media":0,"parent":0,"menu_order":4,"comment_status":"closed","ping_status":"closed","template":"","meta":{"footnotes":""},"class_list":["post-421","page","type-page","status-publish","hentry"],"_links":{"self":[{"href":"https:\/\/herbanordpol.pl\/en\/wp-json\/wp\/v2\/pages\/421","targetHints":{"allow":["GET"]}}],"collection":[{"href":"https:\/\/herbanordpol.pl\/en\/wp-json\/wp\/v2\/pages"}],"about":[{"href":"https:\/\/herbanordpol.pl\/en\/wp-json\/wp\/v2\/types\/page"}],"author":[{"embeddable":true,"href":"https:\/\/herbanordpol.pl\/en\/wp-json\/wp\/v2\/users\/1"}],"replies":[{"embeddable":true,"href":"https:\/\/herbanordpol.pl\/en\/wp-json\/wp\/v2\/comments?post=421"}],"version-history":[{"count":14,"href":"https:\/\/herbanordpol.pl\/en\/wp-json\/wp\/v2\/pages\/421\/revisions"}],"predecessor-version":[{"id":3212,"href":"https:\/\/herbanordpol.pl\/en\/wp-json\/wp\/v2\/pages\/421\/revisions\/3212"}],"wp:attachment":[{"href":"https:\/\/herbanordpol.pl\/en\/wp-json\/wp\/v2\/media?parent=421"}],"curies":[{"name":"wp","href":"https:\/\/api.w.org\/{rel}","templated":true}]}}