{"id":425,"date":"2024-06-14T14:25:39","date_gmt":"2024-06-14T12:25:39","guid":{"rendered":"https:\/\/herbanordpol.pl\/kontakt\/"},"modified":"2024-09-22T19:23:50","modified_gmt":"2024-09-22T17:23:50","slug":"contact-us","status":"publish","type":"page","link":"https:\/\/herbanordpol.pl\/en\/contact-us\/","title":{"rendered":"Contact us"},"content":{"rendered":"\n    \n    <section class=\"u-clearfix u-custom-color-3 u-valign-middle-md u-valign-middle-sm u-valign-middle-xs u-section-2\" id=\"carousel_d282\">\n      <div class=\"u-clearfix u-sheet u-sheet-1\"><\/div>\n    <\/section>\n    <section class=\"u-clearfix u-expanded-width-xl u-white u-section-3\" id=\"carousel_0724\">\n      <div class=\"u-expanded-height u-grey-5 u-shape u-shape-rectangle u-shape-1\"><\/div>\n      <div class=\"data-layout-selected u-clearfix u-gutter-0 u-layout-wrap u-layout-wrap-1\">\n        <div class=\"u-gutter-0 u-layout\">\n          <div class=\"u-layout-row\">\n            <div class=\"u-size-27\">\n              <div class=\"u-layout-col\">\n                <div class=\"u-container-style u-layout-cell u-left-cell u-size-30 u-layout-cell-1\">\n                  <div class=\"u-container-layout u-container-layout-1\">\n                    <h2 class=\"u-custom-font u-font-playfair-display u-text u-text-1\">Contact<\/h2>\n                    <p class=\"u-text u-text-2\"> HerbaNordPol \u2013 Gda\u0144sk Sp. z o.o.<br>ul. Obro\u0144c\u00f3w Westerplatte 28, 82-230<br>Nowy Staw , Poland<span style=\"font-weight: 700;\">\n                        <br>\n                      <\/span>\n                      <span style=\"font-weight: 700;\">EU VAT: <\/span>&nbsp;PL9531386244<br>\n                      <span style=\"font-weight: 700;\">KRS<\/span>: 00 00 11 40 90 \/ District Court of Gda\u0144sk \u2013 North in Gda\u0144sk, 7th Commercial Division of the National Court Register.<br>Share capital: 400 000z\u0142 \n                    <\/p>\n                  <\/div>\n                <\/div>\n                <div class=\"u-align-left u-container-style u-layout-cell u-left-cell u-size-30 u-layout-cell-2\">\n                  <div class=\"u-container-layout u-container-layout-2\">\n                    <h2 class=\"u-custom-font u-font-playfair-display u-text u-text-3\">email<br>\n                    <\/h2>\n                    <p class=\"u-text u-text-4\">\n                      <a href=\"mailto:tomasz.andrzejewski@herbanordpol.pl\" class=\"u-active-none u-border-none u-btn u-button-link u-button-style u-hover-none u-none u-text-custom-color-3 u-btn-1\">tomasz.andrzejewski@herbanordpol.pl<\/a>\n                    <\/p>\n                    <h2 class=\"u-custom-font u-font-playfair-display u-text u-text-5\">phone<\/h2>\n                    <p class=\"u-align-left u-text u-text-6\">\n                      <br>\n                      <a href=\"tel:+48609104953\" class=\"u-active-none u-border-none u-btn u-button-link u-button-style u-hover-none u-none u-text-custom-color-3 u-btn-2\">+48&nbsp;609&nbsp;104&nbsp;953<\/a>&nbsp;\n                    <\/p>\n                  <\/div>\n                <\/div>\n              <\/div>\n            <\/div>\n            <div class=\"u-size-33\">\n              <div class=\"u-layout-row\">\n                <div class=\"u-container-style u-image u-layout-cell u-right-cell u-size-60 u-image-1\" data-image-width=\"1846\" data-image-height=\"2000\" style=\"background-image: url(&quot;https:\/\/herbanordpol.pl\/en\/wp-content\/uploads\/2024\/06\/olowek1-3.jpeg&quot;);\">\n                  <div class=\"u-container-layout u-container-layout-3\"><\/div>\n                <\/div>\n              <\/div>\n            <\/div>\n          <\/div>\n        <\/div>\n      <\/div>\n    <\/section>\n    \n    \n    \n  \n","protected":false},"excerpt":{"rendered":"<p>Contact HerbaNordPol \u2013 Gda\u0144sk Sp. z o.o.ul. Obro\u0144c\u00f3w Westerplatte 28, 82-230Nowy Staw , Poland EU VAT: &nbsp;PL9531386244 KRS: 00 00 11 40 90 \/ District Court of Gda\u0144sk \u2013 North in Gda\u0144sk, 7th Commercial Division of the National Court Register.Share capital: 400 000z\u0142 email tomasz.andrzejewski@herbanordpol.pl phone +48&nbsp;609&nbsp;104&nbsp;953&nbsp;<\/p>\n","protected":false},"author":1,"featured_media":0,"parent":0,"menu_order":8,"comment_status":"closed","ping_status":"closed","template":"","meta":{"footnotes":""},"class_list":["post-425","page","type-page","status-publish","hentry"],"_links":{"self":[{"href":"https:\/\/herbanordpol.pl\/en\/wp-json\/wp\/v2\/pages\/425","targetHints":{"allow":["GET"]}}],"collection":[{"href":"https:\/\/herbanordpol.pl\/en\/wp-json\/wp\/v2\/pages"}],"about":[{"href":"https:\/\/herbanordpol.pl\/en\/wp-json\/wp\/v2\/types\/page"}],"author":[{"embeddable":true,"href":"https:\/\/herbanordpol.pl\/en\/wp-json\/wp\/v2\/users\/1"}],"replies":[{"embeddable":true,"href":"https:\/\/herbanordpol.pl\/en\/wp-json\/wp\/v2\/comments?post=425"}],"version-history":[{"count":6,"href":"https:\/\/herbanordpol.pl\/en\/wp-json\/wp\/v2\/pages\/425\/revisions"}],"predecessor-version":[{"id":3216,"href":"https:\/\/herbanordpol.pl\/en\/wp-json\/wp\/v2\/pages\/425\/revisions\/3216"}],"wp:attachment":[{"href":"https:\/\/herbanordpol.pl\/en\/wp-json\/wp\/v2\/media?parent=425"}],"curies":[{"name":"wp","href":"https:\/\/api.w.org\/{rel}","templated":true}]}}